{"id":5175,"date":"2026-01-07T10:19:25","date_gmt":"2026-01-07T08:19:25","guid":{"rendered":"https:\/\/noavillas.fi\/sonderangebote\/"},"modified":"2026-02-02T11:18:26","modified_gmt":"2026-02-02T09:18:26","slug":"sonderangebote","status":"publish","type":"page","link":"https:\/\/noavillas.fi\/de\/sonderangebote\/","title":{"rendered":"Sonderangebote"},"content":{"rendered":"\t\t<div data-elementor-type=\"wp-page\" data-elementor-id=\"5175\" class=\"elementor elementor-5175 elementor-4900\" data-elementor-post-type=\"page\">\n\t\t\t\t<div class=\"elementor-element elementor-element-5bde9886 e-flex e-con-boxed e-con e-parent\" data-id=\"5bde9886\" data-element_type=\"container\">\n\t\t\t\t\t<div class=\"e-con-inner\">\n\t\t<div class=\"elementor-element elementor-element-6ef03d51 e-con-full e-flex e-con e-child\" data-id=\"6ef03d51\" data-element_type=\"container\">\n\t\t<div class=\"elementor-element elementor-element-290d5526 e-con-full animated-slow e-flex elementor-invisible e-con e-child\" data-id=\"290d5526\" data-element_type=\"container\" data-settings=\"{&quot;animation&quot;:&quot;fadeIn&quot;,&quot;animation_delay&quot;:300}\">\n\t\t\t\t<div class=\"elementor-element elementor-element-669beb46 elementor-widget elementor-widget-heading\" data-id=\"669beb46\" data-element_type=\"widget\" data-settings=\"{&quot;_animation_mobile&quot;:&quot;fadeIn&quot;}\" data-widget_type=\"heading.default\">\n\t\t\t\t\t<h2 class=\"elementor-heading-title elementor-size-default\"><span>Buchen Sie einen Aufenthalt von mindestens 4 N\u00e4chten im Februar.<br><span>W\u00e4hlen Sie Ihr Geschenk.<\/span><\/span>\n<\/h2>\t\t\t\t<\/div>\n\t\t\t\t<\/div>\n\t\t\t\t<\/div>\n\t\t\t\t\t<\/div>\n\t\t\t\t<\/div>\n\t\t<div class=\"elementor-element elementor-element-3cb0f333 animated-slow e-flex e-con-boxed elementor-invisible e-con e-parent\" data-id=\"3cb0f333\" data-element_type=\"container\" data-settings=\"{&quot;animation&quot;:&quot;fadeIn&quot;,&quot;animation_delay&quot;:300}\">\n\t\t\t\t\t<div class=\"e-con-inner\">\n\t\t\t\t<div class=\"elementor-element elementor-element-5b79967f elementor-hidden-desktop elementor-widget elementor-widget-n-carousel\" data-id=\"5b79967f\" data-element_type=\"widget\" data-settings=\"{&quot;carousel_items&quot;:[{&quot;slide_title&quot;:&quot;Slide #1&quot;,&quot;_id&quot;:&quot;5e4eec7&quot;}],&quot;slides_to_show&quot;:&quot;1&quot;,&quot;slides_to_scroll&quot;:&quot;1&quot;,&quot;image_spacing_custom&quot;:{&quot;unit&quot;:&quot;px&quot;,&quot;size&quot;:0,&quot;sizes&quot;:[]},&quot;autoplay_speed&quot;:2000,&quot;slides_to_show_tablet&quot;:&quot;2&quot;,&quot;slides_to_show_mobile&quot;:&quot;1&quot;,&quot;autoplay&quot;:&quot;yes&quot;,&quot;pause_on_hover&quot;:&quot;yes&quot;,&quot;pause_on_interaction&quot;:&quot;yes&quot;,&quot;infinite&quot;:&quot;yes&quot;,&quot;speed&quot;:500,&quot;offset_sides&quot;:&quot;none&quot;,&quot;image_spacing_custom_tablet&quot;:{&quot;unit&quot;:&quot;px&quot;,&quot;size&quot;:&quot;&quot;,&quot;sizes&quot;:[]},&quot;image_spacing_custom_mobile&quot;:{&quot;unit&quot;:&quot;px&quot;,&quot;size&quot;:&quot;&quot;,&quot;sizes&quot;:[]}}\" data-widget_type=\"nested-carousel.default\">\n\t\t\t\t\t\t\t<div class=\"e-n-carousel swiper\" role=\"region\" aria-roledescription=\"carousel\" aria-label=\"Carousel\" dir=\"ltr\">\n\t\t\t<div class=\"swiper-wrapper\" aria-live=\"off\">\n\t\t\t\t\t\t\t\t\t\t<div class=\"swiper-slide\" data-slide=\"1\" role=\"group\" aria-roledescription=\"slide\" aria-label=\"1 of 1\">\n\t\t\t\t\t\t\t<div class=\"elementor-element elementor-element-499c6c93 e-flex e-con-boxed e-con e-child\" data-id=\"499c6c93\" data-element_type=\"container\">\n\t\t\t\t\t<div class=\"e-con-inner\">\n\t\t\t\t<div class=\"elementor-element elementor-element-7c03487e elementor-widget elementor-widget-image\" data-id=\"7c03487e\" data-element_type=\"widget\" data-widget_type=\"image.default\">\n\t\t\t\t\t\t\t\t\t\t\t\t\t\t\t<img fetchpriority=\"high\" decoding=\"async\" width=\"2560\" height=\"1707\" src=\"https:\/\/noavillas.fi\/wp-content\/uploads\/2026\/01\/78-scaled.jpg\" class=\"attachment-full size-full wp-image-5714\" alt=\"\" srcset=\"https:\/\/noavillas.fi\/wp-content\/uploads\/2026\/01\/78-scaled.jpg 2560w, https:\/\/noavillas.fi\/wp-content\/uploads\/2026\/01\/78-300x200.jpg 300w, https:\/\/noavillas.fi\/wp-content\/uploads\/2026\/01\/78-1024x683.jpg 1024w, https:\/\/noavillas.fi\/wp-content\/uploads\/2026\/01\/78-768x512.jpg 768w, https:\/\/noavillas.fi\/wp-content\/uploads\/2026\/01\/78-1536x1024.jpg 1536w, https:\/\/noavillas.fi\/wp-content\/uploads\/2026\/01\/78-2048x1365.jpg 2048w\" sizes=\"(max-width: 2560px) 100vw, 2560px\" \/>\t\t\t\t\t\t\t\t\t\t\t\t\t\t\t<\/div>\n\t\t\t\t\t<\/div>\n\t\t\t\t<\/div>\n\t\t\t\t\t\t\t\t<\/div>\n\t\t\t\t\t\t\t\t<\/div>\n\t\t<\/div>\n\t\t\t\t\t\t<\/div>\n\t\t\t\t<div class=\"elementor-element elementor-element-95833f0 elementor-widget__width-inherit elementor-hidden-desktop elementor-widget elementor-widget-text-editor\" data-id=\"95833f0\" data-element_type=\"widget\" data-widget_type=\"text-editor.default\">\n\t\t\t\t\t\t\t\t\t<p data-start=\"124\" data-end=\"355\">Der Februar in Lappland ist wie geschaffen daf\u00fcr, langsamer zu werden.<br data-start=\"194\" data-end=\"197\" \/>Klare Luft, stille W\u00e4lder und lange Wintertage laden dazu ein, etwas l\u00e4nger zu bleiben. Und wir w\u00fcrden uns freuen, Ihren Aufenthalt noch besonderer zu machen.<\/p><p data-start=\"357\" data-end=\"463\">Bei einem Aufenthalt von 4 N\u00e4chten oder mehr k\u00f6nnen Sie eines unserer exklusiven Februar-Geschenke w\u00e4hlen:<\/p><p data-start=\"465\" data-end=\"767\"><strong data-start=\"465\" data-end=\"501\">Entspannungsbehandlung f\u00fcr zwei:<\/strong><br data-start=\"501\" data-end=\"504\" \/>Entspannende Behandlungen, die in der ruhigen Atmosph\u00e4re der eigenen Villa stattfinden. Jede Sitzung wird von lokalen Therapeutinnen und Therapeuten durchgef\u00fchrt und nutzt nat\u00fcrliche \u00d6le sowie beruhigende Techniken, inspiriert von nordischen Wellness-Traditionen.<\/p><p data-start=\"769\" data-end=\"962\"><strong data-start=\"769\" data-end=\"808\">3-G\u00e4nge-Nordisches Dinner f\u00fcr zwei:<\/strong><br data-start=\"808\" data-end=\"811\" \/>Ein sorgf\u00e4ltig zubereitetes nordisches Dinner, inspiriert von regionalen Zutaten und direkt in Ihre Villa geliefert \u2013 f\u00fcr ein privates Dinner-Erlebnis.<\/p><p data-start=\"964\" data-end=\"1167\"><strong data-start=\"964\" data-end=\"987\">So funktioniert es:<\/strong><br data-start=\"987\" data-end=\"990\" \/>Wenn Sie 4 oder mehr N\u00e4chte buchen, wird sich unser Kundenservice per E-Mail bei Ihnen melden, um Ihr gew\u00fcnschtes Angebot zu best\u00e4tigen und alle Details f\u00fcr Sie zu organisieren.<\/p><p data-start=\"1169\" data-end=\"1264\">Bleiben Sie l\u00e4nger. Erleben Sie mehr.<br data-start=\"1206\" data-end=\"1209\" \/>Der Februar ist die perfekte Zeit daf\u00fcr bei NOA Villas.<\/p>\t\t\t\t\t\t\t\t<\/div>\n\t\t<div class=\"elementor-element elementor-element-18651b44 e-con-full e-flex e-con e-child\" data-id=\"18651b44\" data-element_type=\"container\">\n\t\t<div class=\"elementor-element elementor-element-69338635 e-con-full e-flex e-con e-child\" data-id=\"69338635\" data-element_type=\"container\">\n\t\t\t\t<div class=\"elementor-element elementor-element-587cddd1 elementor-hidden-tablet elementor-hidden-mobile elementor-widget elementor-widget-text-editor\" data-id=\"587cddd1\" data-element_type=\"widget\" data-widget_type=\"text-editor.default\">\n\t\t\t\t\t\t\t\t\t<p data-start=\"124\" data-end=\"355\">Der Februar in Lappland ist wie geschaffen daf\u00fcr, langsamer zu werden.<br data-start=\"194\" data-end=\"197\" \/>Klare Luft, stille W\u00e4lder und lange Wintertage laden dazu ein, etwas l\u00e4nger zu bleiben. Und wir w\u00fcrden uns freuen, Ihren Aufenthalt noch besonderer zu machen.<\/p><p data-start=\"357\" data-end=\"463\">Bei einem Aufenthalt von 4 N\u00e4chten oder mehr k\u00f6nnen Sie eines unserer exklusiven Februar-Geschenke w\u00e4hlen:<\/p><p data-start=\"465\" data-end=\"767\"><strong data-start=\"465\" data-end=\"501\">Entspannungsbehandlung f\u00fcr zwei:<\/strong><br data-start=\"501\" data-end=\"504\" \/>Entspannende Behandlungen, die in der ruhigen Atmosph\u00e4re der eigenen Villa stattfinden. Jede Sitzung wird von lokalen Therapeutinnen und Therapeuten durchgef\u00fchrt und nutzt nat\u00fcrliche \u00d6le sowie beruhigende Techniken, inspiriert von nordischen Wellness-Traditionen.<\/p><p data-start=\"769\" data-end=\"962\"><strong data-start=\"769\" data-end=\"808\">3-G\u00e4nge-Nordisches Dinner f\u00fcr zwei:<\/strong><br data-start=\"808\" data-end=\"811\" \/>Ein sorgf\u00e4ltig zubereitetes nordisches Dinner, inspiriert von regionalen Zutaten und direkt in Ihre Villa geliefert \u2013 f\u00fcr ein privates Dinner-Erlebnis.<\/p><p data-start=\"964\" data-end=\"1167\"><strong data-start=\"964\" data-end=\"987\">So funktioniert es:<\/strong><br data-start=\"987\" data-end=\"990\" \/>Wenn Sie 4 oder mehr N\u00e4chte buchen, wird sich unser Kundenservice per E-Mail bei Ihnen melden, um Ihr gew\u00fcnschtes Angebot zu best\u00e4tigen und alle Details f\u00fcr Sie zu organisieren.<\/p><p data-start=\"1169\" data-end=\"1264\">Bleiben Sie l\u00e4nger. Erleben Sie mehr.<br data-start=\"1206\" data-end=\"1209\" \/>Der Februar ist die perfekte Zeit daf\u00fcr bei NOA Villas.<\/p>\t\t\t\t\t\t\t\t<\/div>\n\t\t\t\t<\/div>\n\t\t<div class=\"elementor-element elementor-element-d259a89 e-con-full e-flex e-con e-child\" data-id=\"d259a89\" data-element_type=\"container\">\n\t\t<div class=\"elementor-element elementor-element-a418e90 e-grid e-con-full e-con e-child\" data-id=\"a418e90\" data-element_type=\"container\">\n\t\t\t\t<div class=\"elementor-element elementor-element-ba58595 elementor-widget elementor-widget-button\" data-id=\"ba58595\" data-element_type=\"widget\" data-widget_type=\"button.default\">\n\t\t\t\t\t\t\t\t\t\t<a class=\"elementor-button elementor-button-link elementor-size-sm\" href=\"https:\/\/app.moder.fi\/noa-villas-by-lunvio\/?gclid=CjwKCAiAlfvIBhA6EiwAcErpyaGjZfi5VyNLfUdaKsVuN9rGuB6naQhLN_xJRbjyStvnczIOG97NJhoCeX8QAvD_BwE&#038;fbclid=IwY2xjawPJydhleHRuA2FlbQIxMQBzcnRjBmFwcF9pZA81MTQ3NzE1NjkyMjgwNjEAAR7pTPTzOtihTNjwwfa7F-P79UxKd8lWt6honVI1LdTtK_ECcJlTmRkEREpbWw_aem_rv2gcqwftavNdClVsMT7tw\" target=\"_blank\" rel=\"noopener\">\n\t\t\t\t\t\t<span class=\"elementor-button-content-wrapper\">\n\t\t\t\t\t\t\t\t\t<span class=\"elementor-button-text\">BUCHEN<\/span>\n\t\t\t\t\t<\/span>\n\t\t\t\t\t<\/a>\n\t\t\t\t\t\t\t\t<\/div>\n\t\t\t\t<\/div>\n\t\t\t\t<\/div>\n\t\t\t\t<\/div>\n\t\t<div class=\"elementor-element elementor-element-25ee7c08 e-con-full e-flex e-con e-child\" data-id=\"25ee7c08\" data-element_type=\"container\">\n\t\t<div class=\"elementor-element elementor-element-861d0f6 e-con-full e-flex e-con e-child\" data-id=\"861d0f6\" data-element_type=\"container\">\n\t\t\t\t<div class=\"elementor-element elementor-element-28593af2 elementor-hidden-tablet elementor-hidden-mobile elementor-widget elementor-widget-image\" data-id=\"28593af2\" data-element_type=\"widget\" data-widget_type=\"image.default\">\n\t\t\t\t\t\t\t\t\t\t\t\t\t\t\t<img decoding=\"async\" width=\"800\" height=\"534\" src=\"https:\/\/noavillas.fi\/wp-content\/uploads\/2026\/01\/78-1024x683.jpg\" class=\"attachment-large size-large wp-image-5714\" alt=\"\" srcset=\"https:\/\/noavillas.fi\/wp-content\/uploads\/2026\/01\/78-1024x683.jpg 1024w, https:\/\/noavillas.fi\/wp-content\/uploads\/2026\/01\/78-300x200.jpg 300w, https:\/\/noavillas.fi\/wp-content\/uploads\/2026\/01\/78-768x512.jpg 768w, https:\/\/noavillas.fi\/wp-content\/uploads\/2026\/01\/78-1536x1024.jpg 1536w, https:\/\/noavillas.fi\/wp-content\/uploads\/2026\/01\/78-2048x1365.jpg 2048w\" sizes=\"(max-width: 800px) 100vw, 800px\" \/>\t\t\t\t\t\t\t\t\t\t\t\t\t\t\t<\/div>\n\t\t\t\t<div class=\"elementor-element elementor-element-c79193a elementor-hidden-tablet elementor-hidden-mobile elementor-widget elementor-widget-image\" data-id=\"c79193a\" data-element_type=\"widget\" data-widget_type=\"image.default\">\n\t\t\t\t\t\t\t\t\t\t\t\t\t\t\t<img decoding=\"async\" width=\"683\" height=\"1024\" src=\"https:\/\/noavillas.fi\/wp-content\/uploads\/2025\/11\/pexels-koolshooters-6628658-683x1024.jpg\" class=\"attachment-large size-large wp-image-3384\" alt=\"\" srcset=\"https:\/\/noavillas.fi\/wp-content\/uploads\/2025\/11\/pexels-koolshooters-6628658-683x1024.jpg 683w, https:\/\/noavillas.fi\/wp-content\/uploads\/2025\/11\/pexels-koolshooters-6628658-200x300.jpg 200w, https:\/\/noavillas.fi\/wp-content\/uploads\/2025\/11\/pexels-koolshooters-6628658-768x1152.jpg 768w, https:\/\/noavillas.fi\/wp-content\/uploads\/2025\/11\/pexels-koolshooters-6628658-1024x1536.jpg 1024w, https:\/\/noavillas.fi\/wp-content\/uploads\/2025\/11\/pexels-koolshooters-6628658-1365x2048.jpg 1365w, https:\/\/noavillas.fi\/wp-content\/uploads\/2025\/11\/pexels-koolshooters-6628658-scaled.jpg 1707w\" sizes=\"(max-width: 683px) 100vw, 683px\" \/>\t\t\t\t\t\t\t\t\t\t\t\t\t\t\t<\/div>\n\t\t\t\t<\/div>\n\t\t\t\t<\/div>\n\t\t\t\t\t<\/div>\n\t\t\t\t<\/div>\n\t\t\t\t<\/div>\n\t\t","protected":false},"excerpt":{"rendered":"<p>Buchen Sie einen Aufenthalt von mindestens 4 N\u00e4chten im Februar.W\u00e4hlen Sie Ihr Geschenk. Der Februar in Lappland ist wie geschaffen daf\u00fcr, langsamer zu werden.Klare Luft, stille W\u00e4lder und lange Wintertage laden dazu ein, etwas l\u00e4nger zu bleiben. Und wir w\u00fcrden uns freuen, Ihren Aufenthalt noch besonderer zu machen. Bei einem Aufenthalt von 4 N\u00e4chten oder [&hellip;]<\/p>\n","protected":false},"author":3,"featured_media":4476,"parent":0,"menu_order":0,"comment_status":"closed","ping_status":"closed","template":"","meta":{"_acf_changed":false,"footnotes":""},"class_list":["post-5175","page","type-page","status-publish","has-post-thumbnail","hentry"],"acf":[],"_links":{"self":[{"href":"https:\/\/noavillas.fi\/de\/wp-json\/wp\/v2\/pages\/5175","targetHints":{"allow":["GET"]}}],"collection":[{"href":"https:\/\/noavillas.fi\/de\/wp-json\/wp\/v2\/pages"}],"about":[{"href":"https:\/\/noavillas.fi\/de\/wp-json\/wp\/v2\/types\/page"}],"author":[{"embeddable":true,"href":"https:\/\/noavillas.fi\/de\/wp-json\/wp\/v2\/users\/3"}],"replies":[{"embeddable":true,"href":"https:\/\/noavillas.fi\/de\/wp-json\/wp\/v2\/comments?post=5175"}],"version-history":[{"count":39,"href":"https:\/\/noavillas.fi\/de\/wp-json\/wp\/v2\/pages\/5175\/revisions"}],"predecessor-version":[{"id":5819,"href":"https:\/\/noavillas.fi\/de\/wp-json\/wp\/v2\/pages\/5175\/revisions\/5819"}],"wp:featuredmedia":[{"embeddable":true,"href":"https:\/\/noavillas.fi\/de\/wp-json\/wp\/v2\/media\/4476"}],"wp:attachment":[{"href":"https:\/\/noavillas.fi\/de\/wp-json\/wp\/v2\/media?parent=5175"}],"curies":[{"name":"wp","href":"https:\/\/api.w.org\/{rel}","templated":true}]}}