{"id":7378,"date":"2026-03-17T16:38:53","date_gmt":"2026-03-17T14:38:53","guid":{"rendered":"https:\/\/noavillas.fi\/rueckmeldung-zu-ihrer-kontaktanfrage\/"},"modified":"2026-03-27T14:16:46","modified_gmt":"2026-03-27T12:16:46","slug":"rueckmeldung-zu-ihrer-kontaktanfrage","status":"publish","type":"page","link":"https:\/\/noavillas.fi\/de\/rueckmeldung-zu-ihrer-kontaktanfrage\/","title":{"rendered":"R\u00fcckmeldung zu Ihrer Kontaktanfrage"},"content":{"rendered":"\t\t<div data-elementor-type=\"wp-page\" data-elementor-id=\"7378\" class=\"elementor elementor-7378 elementor-7206\" data-elementor-post-type=\"page\">\n\t\t\t\t<div class=\"elementor-element elementor-element-43cd2c1 e-flex e-con-boxed e-con e-parent\" data-id=\"43cd2c1\" data-element_type=\"container\">\n\t\t\t\t\t<div class=\"e-con-inner\">\n\t\t<div class=\"elementor-element elementor-element-fa27a66 e-con-full e-flex e-con e-child\" data-id=\"fa27a66\" data-element_type=\"container\">\n\t\t\t\t<div class=\"elementor-element elementor-element-c206b55 elementor-widget elementor-widget-heading\" data-id=\"c206b55\" data-element_type=\"widget\" data-widget_type=\"heading.default\">\n\t\t\t\t\t<h2 class=\"elementor-heading-title elementor-size-default\">Vielen Dank <\/h2>\t\t\t\t<\/div>\n\t\t\t\t<div class=\"elementor-element elementor-element-1a2f460 elementor-widget elementor-widget-heading\" data-id=\"1a2f460\" data-element_type=\"widget\" data-widget_type=\"heading.default\">\n\t\t\t\t\t<h2 class=\"elementor-heading-title elementor-size-default\">f\u00fcr Ihre Kontaktaufnahme mit NOA Villas.<\/h2>\t\t\t\t<\/div>\n\t\t\t\t<div class=\"elementor-element elementor-element-22ce111 elementor-widget elementor-widget-text-editor\" data-id=\"22ce111\" data-element_type=\"widget\" data-widget_type=\"text-editor.default\">\n\t\t\t\t\t\t\t\t\t<p>Ihre Anfrage wurde erhalten, und unser Team wird sich in K\u00fcrze bei Ihnen melden.<\/p>\t\t\t\t\t\t\t\t<\/div>\n\t\t\t\t<div class=\"elementor-element elementor-element-88a6790 elementor-widget elementor-widget-text-editor\" data-id=\"88a6790\" data-element_type=\"widget\" data-widget_type=\"text-editor.default\">\n\t\t\t\t\t\t\t\t\t<div><p>W\u00e4hrend Sie warten, laden wir Sie ein, unsere Villen zu entdecken und die Erlebnisse kennenzulernen, die jeden Aufenthalt einzigartig machen.<\/p><\/div>\t\t\t\t\t\t\t\t<\/div>\n\t\t\t\t<div class=\"elementor-element elementor-element-a6aba66 elementor-widget elementor-widget-button\" data-id=\"a6aba66\" data-element_type=\"widget\" data-widget_type=\"button.default\">\n\t\t\t\t\t\t\t\t\t\t<a class=\"elementor-button elementor-button-link elementor-size-sm\" href=\"https:\/\/noavillas.fi\/de\/villen\/\">\n\t\t\t\t\t\t<span class=\"elementor-button-content-wrapper\">\n\t\t\t\t\t\t\t\t\t<span class=\"elementor-button-text\">ENTDECKEN SIE IHRE VILLA<\/span>\n\t\t\t\t\t<\/span>\n\t\t\t\t\t<\/a>\n\t\t\t\t\t\t\t\t<\/div>\n\t\t\t\t<\/div>\n\t\t<div class=\"elementor-element elementor-element-da71c3b e-con-full e-flex e-con e-child\" data-id=\"da71c3b\" data-element_type=\"container\">\n\t\t\t\t<div class=\"elementor-element elementor-element-3b68a8c elementor-widget elementor-widget-image\" data-id=\"3b68a8c\" data-element_type=\"widget\" data-widget_type=\"image.default\">\n\t\t\t\t\t\t\t\t\t\t\t\t\t\t\t<img fetchpriority=\"high\" decoding=\"async\" width=\"768\" height=\"1024\" src=\"https:\/\/noavillas.fi\/wp-content\/uploads\/2026\/02\/DJI_20260126134736_0046_D-1-768x1024.jpg\" class=\"attachment-large size-large wp-image-7377\" alt=\"\" srcset=\"https:\/\/noavillas.fi\/wp-content\/uploads\/2026\/02\/DJI_20260126134736_0046_D-1-768x1024.jpg 768w, https:\/\/noavillas.fi\/wp-content\/uploads\/2026\/02\/DJI_20260126134736_0046_D-1-225x300.jpg 225w, https:\/\/noavillas.fi\/wp-content\/uploads\/2026\/02\/DJI_20260126134736_0046_D-1-1152x1536.jpg 1152w, https:\/\/noavillas.fi\/wp-content\/uploads\/2026\/02\/DJI_20260126134736_0046_D-1.jpg 1440w\" sizes=\"(max-width: 768px) 100vw, 768px\" \/>\t\t\t\t\t\t\t\t\t\t\t\t\t\t\t<\/div>\n\t\t\t\t<\/div>\n\t\t\t\t\t<\/div>\n\t\t\t\t<\/div>\n\t\t\t\t<\/div>\n\t\t","protected":false},"excerpt":{"rendered":"<p>Vielen Dank f\u00fcr Ihre Kontaktaufnahme mit NOA Villas. Ihre Anfrage wurde erhalten, und unser Team wird sich in K\u00fcrze bei Ihnen melden. W\u00e4hrend Sie warten, laden wir Sie ein, unsere Villen zu entdecken und die Erlebnisse kennenzulernen, die jeden Aufenthalt einzigartig machen. ENTDECKEN SIE IHRE VILLA<\/p>\n","protected":false},"author":3,"featured_media":0,"parent":0,"menu_order":0,"comment_status":"closed","ping_status":"closed","template":"","meta":{"_acf_changed":false,"footnotes":""},"class_list":["post-7378","page","type-page","status-publish","hentry"],"acf":[],"_links":{"self":[{"href":"https:\/\/noavillas.fi\/de\/wp-json\/wp\/v2\/pages\/7378","targetHints":{"allow":["GET"]}}],"collection":[{"href":"https:\/\/noavillas.fi\/de\/wp-json\/wp\/v2\/pages"}],"about":[{"href":"https:\/\/noavillas.fi\/de\/wp-json\/wp\/v2\/types\/page"}],"author":[{"embeddable":true,"href":"https:\/\/noavillas.fi\/de\/wp-json\/wp\/v2\/users\/3"}],"replies":[{"embeddable":true,"href":"https:\/\/noavillas.fi\/de\/wp-json\/wp\/v2\/comments?post=7378"}],"version-history":[{"count":1,"href":"https:\/\/noavillas.fi\/de\/wp-json\/wp\/v2\/pages\/7378\/revisions"}],"predecessor-version":[{"id":7379,"href":"https:\/\/noavillas.fi\/de\/wp-json\/wp\/v2\/pages\/7378\/revisions\/7379"}],"wp:attachment":[{"href":"https:\/\/noavillas.fi\/de\/wp-json\/wp\/v2\/media?parent=7378"}],"curies":[{"name":"wp","href":"https:\/\/api.w.org\/{rel}","templated":true}]}}