{"id":4656,"date":"2025-12-08T11:01:51","date_gmt":"2025-12-08T09:01:51","guid":{"rendered":"https:\/\/noavillas.fi\/politique-dannulation-des-reservations\/"},"modified":"2025-12-08T14:01:01","modified_gmt":"2025-12-08T12:01:01","slug":"politique-dannulation-des-reservations","status":"publish","type":"page","link":"https:\/\/noavillas.fi\/fr\/politique-dannulation-des-reservations\/","title":{"rendered":"Politique d&rsquo;annulation des r\u00e9servations"},"content":{"rendered":"\t\t<div data-elementor-type=\"wp-page\" data-elementor-id=\"4656\" class=\"elementor elementor-4656 elementor-4542\" data-elementor-post-type=\"page\">\n\t\t\t\t<div class=\"elementor-element elementor-element-217d8a4 e-flex e-con-boxed e-con e-parent\" data-id=\"217d8a4\" data-element_type=\"container\">\n\t\t\t\t\t<div class=\"e-con-inner\">\n\t\t<div class=\"elementor-element elementor-element-4cd4fd4 e-con-full e-flex e-con e-child\" data-id=\"4cd4fd4\" data-element_type=\"container\">\n\t\t\t\t<div class=\"elementor-element elementor-element-8e88bb7 elementor-widget elementor-widget-heading\" data-id=\"8e88bb7\" data-element_type=\"widget\" data-widget_type=\"heading.default\">\n\t\t\t\t\t<h2 class=\"elementor-heading-title elementor-size-default\">\n<span>Politique d'annulation des r\u00e9servations<\/span>\n<\/h2>\t\t\t\t<\/div>\n\t\t\t\t<\/div>\n\t\t<div class=\"elementor-element elementor-element-7c4d242 e-con-full e-flex e-con e-child\" data-id=\"7c4d242\" data-element_type=\"container\">\n\t\t\t\t<\/div>\n\t\t\t\t\t<\/div>\n\t\t\t\t<\/div>\n\t\t<div class=\"elementor-element elementor-element-ad5bb88 e-flex e-con-boxed e-con e-parent\" data-id=\"ad5bb88\" data-element_type=\"container\">\n\t\t\t\t\t<div class=\"e-con-inner\">\n\t\t<div class=\"elementor-element elementor-element-a8edf35 e-con-full e-flex e-con e-child\" data-id=\"a8edf35\" data-element_type=\"container\">\n\t\t\t\t<div class=\"elementor-element elementor-element-1e9d1d4 elementor-widget elementor-widget-text-editor\" data-id=\"1e9d1d4\" data-element_type=\"widget\" data-widget_type=\"text-editor.default\">\n\t\t\t\t\t\t\t\t\t<p>Derni\u00e8re mise \u00e0 jour de cette politique d&rsquo;annulation de r\u00e9servation : 8 d\u00e9cembre 2025.<\/p>\t\t\t\t\t\t\t\t<\/div>\n\t\t\t\t<div class=\"elementor-element elementor-element-682cff8 elementor-widget elementor-widget-text-editor\" data-id=\"682cff8\" data-element_type=\"widget\" data-widget_type=\"text-editor.default\">\n\t\t\t\t\t\t\t\t\t<p><b><b>NOA Villas \u2013 Politique d\u2019annulation pour r\u00e9servation directe<\/b><\/b><\/p><p><b><b>Annulation<\/b><\/b><\/p><ul><li>Les annulations effectu\u00e9es 30 jours ou plus avant l\u2019arriv\u00e9e sont remboursables, moins des frais d\u2019annulation de 10 %.<\/li><li>Les annulations effectu\u00e9es moins de 30 jours avant l\u2019arriv\u00e9e ne sont pas remboursables (frais de 100 %).<br \/><br \/><\/li><\/ul><p><b><b>Changement de dates<\/b><\/b><\/p><ul><li>30 jours ou plus avant l\u2019arriv\u00e9e : les changements de dates sont gratuits, sous r\u00e9serve de disponibilit\u00e9.<\/li><li>Moins de 30 jours avant l\u2019arriv\u00e9e : les changements de dates sont trait\u00e9s comme une annulation<br \/><br \/><\/li><\/ul><p><b><b>Remboursements<\/b><\/b><\/p><ul><li>Tout montant remboursable est retourn\u00e9 au mode de paiement initial dans un d\u00e9lai de 7 \u00e0 14 jours ouvrables.<\/li><\/ul>\t\t\t\t\t\t\t\t<\/div>\n\t\t\t\t<\/div>\n\t\t<div class=\"elementor-element elementor-element-11a5c02 e-con-full e-flex e-con e-child\" data-id=\"11a5c02\" data-element_type=\"container\">\n\t\t\t\t<\/div>\n\t\t\t\t\t<\/div>\n\t\t\t\t<\/div>\n\t\t\t\t<\/div>\n\t\t","protected":false},"excerpt":{"rendered":"<p>Politique d&rsquo;annulation des r\u00e9servations Derni\u00e8re mise \u00e0 jour de cette politique d&rsquo;annulation de r\u00e9servation : 8 d\u00e9cembre 2025. NOA Villas \u2013 Politique d\u2019annulation pour r\u00e9servation directe Annulation Les annulations effectu\u00e9es 30 jours ou plus avant l\u2019arriv\u00e9e sont remboursables, moins des frais d\u2019annulation de 10 %. Les annulations effectu\u00e9es moins de 30 jours avant l\u2019arriv\u00e9e ne [&hellip;]<\/p>\n","protected":false},"author":3,"featured_media":4477,"parent":0,"menu_order":0,"comment_status":"closed","ping_status":"closed","template":"","meta":{"_acf_changed":false,"footnotes":""},"class_list":["post-4656","page","type-page","status-publish","has-post-thumbnail","hentry"],"acf":[],"_links":{"self":[{"href":"https:\/\/noavillas.fi\/fr\/wp-json\/wp\/v2\/pages\/4656","targetHints":{"allow":["GET"]}}],"collection":[{"href":"https:\/\/noavillas.fi\/fr\/wp-json\/wp\/v2\/pages"}],"about":[{"href":"https:\/\/noavillas.fi\/fr\/wp-json\/wp\/v2\/types\/page"}],"author":[{"embeddable":true,"href":"https:\/\/noavillas.fi\/fr\/wp-json\/wp\/v2\/users\/3"}],"replies":[{"embeddable":true,"href":"https:\/\/noavillas.fi\/fr\/wp-json\/wp\/v2\/comments?post=4656"}],"version-history":[{"count":11,"href":"https:\/\/noavillas.fi\/fr\/wp-json\/wp\/v2\/pages\/4656\/revisions"}],"predecessor-version":[{"id":4696,"href":"https:\/\/noavillas.fi\/fr\/wp-json\/wp\/v2\/pages\/4656\/revisions\/4696"}],"wp:featuredmedia":[{"embeddable":true,"href":"https:\/\/noavillas.fi\/fr\/wp-json\/wp\/v2\/media\/4477"}],"wp:attachment":[{"href":"https:\/\/noavillas.fi\/fr\/wp-json\/wp\/v2\/media?parent=4656"}],"curies":[{"name":"wp","href":"https:\/\/api.w.org\/{rel}","templated":true}]}}