{"id":5167,"date":"2026-01-07T10:19:25","date_gmt":"2026-01-07T08:19:25","guid":{"rendered":"https:\/\/noavillas.fi\/offres-speciales\/"},"modified":"2026-02-02T11:22:50","modified_gmt":"2026-02-02T09:22:50","slug":"offres-speciales","status":"publish","type":"page","link":"https:\/\/noavillas.fi\/fr\/offres-speciales\/","title":{"rendered":"Offres sp\u00e9ciales"},"content":{"rendered":"\t\t<div data-elementor-type=\"wp-page\" data-elementor-id=\"5167\" class=\"elementor elementor-5167 elementor-4900\" data-elementor-post-type=\"page\">\n\t\t\t\t<div class=\"elementor-element elementor-element-5bde9886 e-flex e-con-boxed e-con e-parent\" data-id=\"5bde9886\" data-element_type=\"container\">\n\t\t\t\t\t<div class=\"e-con-inner\">\n\t\t<div class=\"elementor-element elementor-element-6ef03d51 e-con-full e-flex e-con e-child\" data-id=\"6ef03d51\" data-element_type=\"container\">\n\t\t<div class=\"elementor-element elementor-element-290d5526 e-con-full animated-slow e-flex elementor-invisible e-con e-child\" data-id=\"290d5526\" data-element_type=\"container\" data-settings=\"{&quot;animation&quot;:&quot;fadeIn&quot;,&quot;animation_delay&quot;:300}\">\n\t\t\t\t<div class=\"elementor-element elementor-element-669beb46 elementor-widget elementor-widget-heading\" data-id=\"669beb46\" data-element_type=\"widget\" data-settings=\"{&quot;_animation_mobile&quot;:&quot;fadeIn&quot;}\" data-widget_type=\"heading.default\">\n\t\t\t\t\t<h2 class=\"elementor-heading-title elementor-size-default\"><span>S\u00e9journez 4 nuits ou plus en f\u00e9vrier.<span><br>Choisissez votre cadeau.<\/span><\/span><\/h2>\t\t\t\t<\/div>\n\t\t\t\t<\/div>\n\t\t\t\t<\/div>\n\t\t\t\t\t<\/div>\n\t\t\t\t<\/div>\n\t\t<div class=\"elementor-element elementor-element-3cb0f333 animated-slow e-flex e-con-boxed elementor-invisible e-con e-parent\" data-id=\"3cb0f333\" data-element_type=\"container\" data-settings=\"{&quot;animation&quot;:&quot;fadeIn&quot;,&quot;animation_delay&quot;:300}\">\n\t\t\t\t\t<div class=\"e-con-inner\">\n\t\t\t\t<div class=\"elementor-element elementor-element-5b79967f elementor-hidden-desktop elementor-widget elementor-widget-n-carousel\" data-id=\"5b79967f\" data-element_type=\"widget\" data-settings=\"{&quot;carousel_items&quot;:[{&quot;slide_title&quot;:&quot;Slide #1&quot;,&quot;_id&quot;:&quot;5e4eec7&quot;}],&quot;slides_to_show&quot;:&quot;1&quot;,&quot;slides_to_scroll&quot;:&quot;1&quot;,&quot;image_spacing_custom&quot;:{&quot;unit&quot;:&quot;px&quot;,&quot;size&quot;:0,&quot;sizes&quot;:[]},&quot;autoplay_speed&quot;:2000,&quot;slides_to_show_tablet&quot;:&quot;2&quot;,&quot;slides_to_show_mobile&quot;:&quot;1&quot;,&quot;autoplay&quot;:&quot;yes&quot;,&quot;pause_on_hover&quot;:&quot;yes&quot;,&quot;pause_on_interaction&quot;:&quot;yes&quot;,&quot;infinite&quot;:&quot;yes&quot;,&quot;speed&quot;:500,&quot;offset_sides&quot;:&quot;none&quot;,&quot;image_spacing_custom_tablet&quot;:{&quot;unit&quot;:&quot;px&quot;,&quot;size&quot;:&quot;&quot;,&quot;sizes&quot;:[]},&quot;image_spacing_custom_mobile&quot;:{&quot;unit&quot;:&quot;px&quot;,&quot;size&quot;:&quot;&quot;,&quot;sizes&quot;:[]}}\" data-widget_type=\"nested-carousel.default\">\n\t\t\t\t\t\t\t<div class=\"e-n-carousel swiper\" role=\"region\" aria-roledescription=\"carousel\" aria-label=\"Carousel\" dir=\"ltr\">\n\t\t\t<div class=\"swiper-wrapper\" aria-live=\"off\">\n\t\t\t\t\t\t\t\t\t\t<div class=\"swiper-slide\" data-slide=\"1\" role=\"group\" aria-roledescription=\"slide\" aria-label=\"1 of 1\">\n\t\t\t\t\t\t\t<div class=\"elementor-element elementor-element-499c6c93 e-flex e-con-boxed e-con e-child\" data-id=\"499c6c93\" data-element_type=\"container\">\n\t\t\t\t\t<div class=\"e-con-inner\">\n\t\t\t\t<div class=\"elementor-element elementor-element-7c03487e elementor-widget elementor-widget-image\" data-id=\"7c03487e\" data-element_type=\"widget\" data-widget_type=\"image.default\">\n\t\t\t\t\t\t\t\t\t\t\t\t\t\t\t<img fetchpriority=\"high\" decoding=\"async\" width=\"2560\" height=\"1707\" src=\"https:\/\/noavillas.fi\/wp-content\/uploads\/2026\/01\/78-scaled.jpg\" class=\"attachment-full size-full wp-image-5746\" alt=\"\" srcset=\"https:\/\/noavillas.fi\/wp-content\/uploads\/2026\/01\/78-scaled.jpg 2560w, https:\/\/noavillas.fi\/wp-content\/uploads\/2026\/01\/78-300x200.jpg 300w, https:\/\/noavillas.fi\/wp-content\/uploads\/2026\/01\/78-1024x683.jpg 1024w, https:\/\/noavillas.fi\/wp-content\/uploads\/2026\/01\/78-768x512.jpg 768w, https:\/\/noavillas.fi\/wp-content\/uploads\/2026\/01\/78-1536x1024.jpg 1536w, https:\/\/noavillas.fi\/wp-content\/uploads\/2026\/01\/78-2048x1365.jpg 2048w\" sizes=\"(max-width: 2560px) 100vw, 2560px\" \/>\t\t\t\t\t\t\t\t\t\t\t\t\t\t\t<\/div>\n\t\t\t\t\t<\/div>\n\t\t\t\t<\/div>\n\t\t\t\t\t\t\t\t<\/div>\n\t\t\t\t\t\t\t\t<\/div>\n\t\t<\/div>\n\t\t\t\t\t\t<\/div>\n\t\t\t\t<div class=\"elementor-element elementor-element-95833f0 elementor-widget__width-inherit elementor-hidden-desktop elementor-widget elementor-widget-text-editor\" data-id=\"95833f0\" data-element_type=\"widget\" data-widget_type=\"text-editor.default\">\n\t\t\t\t\t\t\t\t\t<p data-start=\"1295\" data-end=\"1517\">Le mois de f\u00e9vrier en Laponie est fait pour ralentir.<br data-start=\"1348\" data-end=\"1351\" \/>L\u2019air vif, les for\u00eats silencieuses et les longues journ\u00e9es d\u2019hiver invitent \u00e0 rester un peu plus longtemps. Et nous aimerions rendre votre s\u00e9jour encore plus sp\u00e9cial.<\/p><p data-start=\"1519\" data-end=\"1609\">Pour tout s\u00e9jour de 4 nuits ou plus, choisissez l\u2019un de nos cadeaux exclusifs de f\u00e9vrier :<\/p><p data-start=\"1611\" data-end=\"1888\"><strong data-start=\"1611\" data-end=\"1645\">Soin de relaxation pour deux :<\/strong><br data-start=\"1645\" data-end=\"1648\" \/>Des soins de relaxation r\u00e9alis\u00e9s dans le calme de votre propre villa. Chaque s\u00e9ance est assur\u00e9e par des th\u00e9rapeutes locaux et utilise des huiles naturelles ainsi que des techniques apaisantes inspir\u00e9es des traditions nordiques du bien-\u00eatre.<\/p><p data-start=\"1890\" data-end=\"2083\"><strong data-start=\"1890\" data-end=\"1931\">D\u00eener nordique en 3 plats pour deux :<\/strong><br data-start=\"1931\" data-end=\"1934\" \/>Un d\u00eener nordique soigneusement pr\u00e9par\u00e9, inspir\u00e9 par des ingr\u00e9dients locaux et livr\u00e9 directement dans votre villa pour une exp\u00e9rience de d\u00eener priv\u00e9.<\/p><p data-start=\"2085\" data-end=\"2274\"><strong data-start=\"2085\" data-end=\"2114\">Comment cela fonctionne :<\/strong><br data-start=\"2114\" data-end=\"2117\" \/>Lorsque vous r\u00e9servez 4 nuits ou plus, notre service client vous contactera par e-mail afin de confirmer l\u2019offre choisie et de s\u2019occuper de tous les d\u00e9tails.<\/p><p data-start=\"2276\" data-end=\"2368\">Restez plus longtemps. Vivez plus.<br data-start=\"2310\" data-end=\"2313\" \/>F\u00e9vrier est le moment id\u00e9al pour le faire \u00e0 NOA Villas.<\/p>\t\t\t\t\t\t\t\t<\/div>\n\t\t<div class=\"elementor-element elementor-element-18651b44 e-con-full e-flex e-con e-child\" data-id=\"18651b44\" data-element_type=\"container\">\n\t\t<div class=\"elementor-element elementor-element-69338635 e-con-full e-flex e-con e-child\" data-id=\"69338635\" data-element_type=\"container\">\n\t\t\t\t<div class=\"elementor-element elementor-element-587cddd1 elementor-widget__width-inherit elementor-hidden-tablet elementor-hidden-mobile elementor-widget elementor-widget-text-editor\" data-id=\"587cddd1\" data-element_type=\"widget\" data-widget_type=\"text-editor.default\">\n\t\t\t\t\t\t\t\t\t<p data-start=\"1295\" data-end=\"1517\">Le mois de f\u00e9vrier en Laponie est fait pour ralentir.<br data-start=\"1348\" data-end=\"1351\" \/>L\u2019air vif, les for\u00eats silencieuses et les longues journ\u00e9es d\u2019hiver invitent \u00e0 rester un peu plus longtemps. Et nous aimerions rendre votre s\u00e9jour encore plus sp\u00e9cial.<\/p><p data-start=\"1519\" data-end=\"1609\">Pour tout s\u00e9jour de 4 nuits ou plus, choisissez l\u2019un de nos cadeaux exclusifs de f\u00e9vrier :<\/p><p data-start=\"1611\" data-end=\"1888\"><strong data-start=\"1611\" data-end=\"1645\">Soin de relaxation pour deux :<\/strong><br data-start=\"1645\" data-end=\"1648\" \/>Des soins de relaxation r\u00e9alis\u00e9s dans le calme de votre propre villa. Chaque s\u00e9ance est assur\u00e9e par des th\u00e9rapeutes locaux et utilise des huiles naturelles ainsi que des techniques apaisantes inspir\u00e9es des traditions nordiques du bien-\u00eatre.<\/p><p data-start=\"1890\" data-end=\"2083\"><strong data-start=\"1890\" data-end=\"1931\">D\u00eener nordique en 3 plats pour deux :<\/strong><br data-start=\"1931\" data-end=\"1934\" \/>Un d\u00eener nordique soigneusement pr\u00e9par\u00e9, inspir\u00e9 par des ingr\u00e9dients locaux et livr\u00e9 directement dans votre villa pour une exp\u00e9rience de d\u00eener priv\u00e9.<\/p><p data-start=\"2085\" data-end=\"2274\"><strong data-start=\"2085\" data-end=\"2114\">Comment cela fonctionne :<\/strong><br data-start=\"2114\" data-end=\"2117\" \/>Lorsque vous r\u00e9servez 4 nuits ou plus, notre service client vous contactera par e-mail afin de confirmer l\u2019offre choisie et de s\u2019occuper de tous les d\u00e9tails.<\/p><p data-start=\"2276\" data-end=\"2368\">Restez plus longtemps. Vivez plus.<br data-start=\"2310\" data-end=\"2313\" \/>F\u00e9vrier est le moment id\u00e9al pour le faire \u00e0 NOA Villas.<\/p>\t\t\t\t\t\t\t\t<\/div>\n\t\t<div class=\"elementor-element elementor-element-8639eb6 e-con-full e-flex e-con e-child\" data-id=\"8639eb6\" data-element_type=\"container\">\n\t\t<div class=\"elementor-element elementor-element-018fc92 e-grid e-con-full e-con e-child\" data-id=\"018fc92\" data-element_type=\"container\">\n\t\t\t\t<div class=\"elementor-element elementor-element-ba58595 elementor-widget elementor-widget-button\" data-id=\"ba58595\" data-element_type=\"widget\" data-widget_type=\"button.default\">\n\t\t\t\t\t\t\t\t\t\t<a class=\"elementor-button elementor-button-link elementor-size-sm\" href=\"https:\/\/app.moder.fi\/noa-villas-by-lunvio\/?gclid=CjwKCAiAlfvIBhA6EiwAcErpyaGjZfi5VyNLfUdaKsVuN9rGuB6naQhLN_xJRbjyStvnczIOG97NJhoCeX8QAvD_BwE&#038;fbclid=IwY2xjawPJydhleHRuA2FlbQIxMQBzcnRjBmFwcF9pZA81MTQ3NzE1NjkyMjgwNjEAAR7pTPTzOtihTNjwwfa7F-P79UxKd8lWt6honVI1LdTtK_ECcJlTmRkEREpbWw_aem_rv2gcqwftavNdClVsMT7tw\" target=\"_blank\" rel=\"noopener\">\n\t\t\t\t\t\t<span class=\"elementor-button-content-wrapper\">\n\t\t\t\t\t\t\t\t\t<span class=\"elementor-button-text\">R\u00c9SERVER<\/span>\n\t\t\t\t\t<\/span>\n\t\t\t\t\t<\/a>\n\t\t\t\t\t\t\t\t<\/div>\n\t\t\t\t<\/div>\n\t\t\t\t<\/div>\n\t\t\t\t<\/div>\n\t\t\t\t<\/div>\n\t\t<div class=\"elementor-element elementor-element-25ee7c08 e-con-full e-flex e-con e-child\" data-id=\"25ee7c08\" data-element_type=\"container\">\n\t\t<div class=\"elementor-element elementor-element-7f9c9d3 e-con-full e-flex e-con e-child\" data-id=\"7f9c9d3\" data-element_type=\"container\">\n\t\t\t\t<div class=\"elementor-element elementor-element-28593af2 elementor-hidden-tablet elementor-hidden-mobile elementor-widget elementor-widget-image\" data-id=\"28593af2\" data-element_type=\"widget\" data-widget_type=\"image.default\">\n\t\t\t\t\t\t\t\t\t\t\t\t\t\t\t<img decoding=\"async\" width=\"800\" height=\"534\" src=\"https:\/\/noavillas.fi\/wp-content\/uploads\/2026\/01\/78-1024x683.jpg\" class=\"attachment-large size-large wp-image-5746\" alt=\"\" srcset=\"https:\/\/noavillas.fi\/wp-content\/uploads\/2026\/01\/78-1024x683.jpg 1024w, https:\/\/noavillas.fi\/wp-content\/uploads\/2026\/01\/78-300x200.jpg 300w, https:\/\/noavillas.fi\/wp-content\/uploads\/2026\/01\/78-768x512.jpg 768w, https:\/\/noavillas.fi\/wp-content\/uploads\/2026\/01\/78-1536x1024.jpg 1536w, https:\/\/noavillas.fi\/wp-content\/uploads\/2026\/01\/78-2048x1365.jpg 2048w\" sizes=\"(max-width: 800px) 100vw, 800px\" \/>\t\t\t\t\t\t\t\t\t\t\t\t\t\t\t<\/div>\n\t\t\t\t<div class=\"elementor-element elementor-element-3729f23 elementor-hidden-tablet elementor-hidden-mobile elementor-widget elementor-widget-image\" data-id=\"3729f23\" data-element_type=\"widget\" data-widget_type=\"image.default\">\n\t\t\t\t\t\t\t\t\t\t\t\t\t\t\t<img decoding=\"async\" width=\"683\" height=\"1024\" src=\"https:\/\/noavillas.fi\/wp-content\/uploads\/2025\/11\/pexels-koolshooters-6628658-683x1024.jpg\" class=\"attachment-large size-large wp-image-3380\" alt=\"\" srcset=\"https:\/\/noavillas.fi\/wp-content\/uploads\/2025\/11\/pexels-koolshooters-6628658-683x1024.jpg 683w, https:\/\/noavillas.fi\/wp-content\/uploads\/2025\/11\/pexels-koolshooters-6628658-200x300.jpg 200w, https:\/\/noavillas.fi\/wp-content\/uploads\/2025\/11\/pexels-koolshooters-6628658-768x1152.jpg 768w, https:\/\/noavillas.fi\/wp-content\/uploads\/2025\/11\/pexels-koolshooters-6628658-1024x1536.jpg 1024w, https:\/\/noavillas.fi\/wp-content\/uploads\/2025\/11\/pexels-koolshooters-6628658-1365x2048.jpg 1365w, https:\/\/noavillas.fi\/wp-content\/uploads\/2025\/11\/pexels-koolshooters-6628658-scaled.jpg 1707w\" sizes=\"(max-width: 683px) 100vw, 683px\" \/>\t\t\t\t\t\t\t\t\t\t\t\t\t\t\t<\/div>\n\t\t\t\t<\/div>\n\t\t\t\t<\/div>\n\t\t\t\t\t<\/div>\n\t\t\t\t<\/div>\n\t\t\t\t<\/div>\n\t\t","protected":false},"excerpt":{"rendered":"<p>S\u00e9journez 4 nuits ou plus en f\u00e9vrier.Choisissez votre cadeau. Le mois de f\u00e9vrier en Laponie est fait pour ralentir.L\u2019air vif, les for\u00eats silencieuses et les longues journ\u00e9es d\u2019hiver invitent \u00e0 rester un peu plus longtemps. Et nous aimerions rendre votre s\u00e9jour encore plus sp\u00e9cial. Pour tout s\u00e9jour de 4 nuits ou plus, choisissez l\u2019un de [&hellip;]<\/p>\n","protected":false},"author":3,"featured_media":4477,"parent":0,"menu_order":0,"comment_status":"closed","ping_status":"closed","template":"","meta":{"_acf_changed":false,"footnotes":""},"class_list":["post-5167","page","type-page","status-publish","has-post-thumbnail","hentry"],"acf":[],"_links":{"self":[{"href":"https:\/\/noavillas.fi\/fr\/wp-json\/wp\/v2\/pages\/5167","targetHints":{"allow":["GET"]}}],"collection":[{"href":"https:\/\/noavillas.fi\/fr\/wp-json\/wp\/v2\/pages"}],"about":[{"href":"https:\/\/noavillas.fi\/fr\/wp-json\/wp\/v2\/types\/page"}],"author":[{"embeddable":true,"href":"https:\/\/noavillas.fi\/fr\/wp-json\/wp\/v2\/users\/3"}],"replies":[{"embeddable":true,"href":"https:\/\/noavillas.fi\/fr\/wp-json\/wp\/v2\/comments?post=5167"}],"version-history":[{"count":28,"href":"https:\/\/noavillas.fi\/fr\/wp-json\/wp\/v2\/pages\/5167\/revisions"}],"predecessor-version":[{"id":5823,"href":"https:\/\/noavillas.fi\/fr\/wp-json\/wp\/v2\/pages\/5167\/revisions\/5823"}],"wp:featuredmedia":[{"embeddable":true,"href":"https:\/\/noavillas.fi\/fr\/wp-json\/wp\/v2\/media\/4477"}],"wp:attachment":[{"href":"https:\/\/noavillas.fi\/fr\/wp-json\/wp\/v2\/media?parent=5167"}],"curies":[{"name":"wp","href":"https:\/\/api.w.org\/{rel}","templated":true}]}}