{"id":7375,"date":"2026-03-17T16:38:53","date_gmt":"2026-03-17T14:38:53","guid":{"rendered":"https:\/\/noavillas.fi\/retour-dexperience-sur-la-prise-de-contact\/"},"modified":"2026-03-27T14:12:26","modified_gmt":"2026-03-27T12:12:26","slug":"retour-dexperience-sur-la-prise-de-contact","status":"publish","type":"page","link":"https:\/\/noavillas.fi\/fr\/retour-dexperience-sur-la-prise-de-contact\/","title":{"rendered":"Retour d\u2019exp\u00e9rience sur la prise de contact"},"content":{"rendered":"\t\t<div data-elementor-type=\"wp-page\" data-elementor-id=\"7375\" class=\"elementor elementor-7375 elementor-7206\" data-elementor-post-type=\"page\">\n\t\t\t\t<div class=\"elementor-element elementor-element-43cd2c1 e-flex e-con-boxed e-con e-parent\" data-id=\"43cd2c1\" data-element_type=\"container\">\n\t\t\t\t\t<div class=\"e-con-inner\">\n\t\t<div class=\"elementor-element elementor-element-fa27a66 e-con-full e-flex e-con e-child\" data-id=\"fa27a66\" data-element_type=\"container\">\n\t\t\t\t<div class=\"elementor-element elementor-element-c206b55 elementor-widget elementor-widget-heading\" data-id=\"c206b55\" data-element_type=\"widget\" data-widget_type=\"heading.default\">\n\t\t\t\t\t<h2 class=\"elementor-heading-title elementor-size-default\">Merci <\/h2>\t\t\t\t<\/div>\n\t\t\t\t<div class=\"elementor-element elementor-element-1a2f460 elementor-widget elementor-widget-heading\" data-id=\"1a2f460\" data-element_type=\"widget\" data-widget_type=\"heading.default\">\n\t\t\t\t\t<h2 class=\"elementor-heading-title elementor-size-default\">d\u2019avoir contact\u00e9 NOA Villas.<\/h2>\t\t\t\t<\/div>\n\t\t\t\t<div class=\"elementor-element elementor-element-22ce111 elementor-widget elementor-widget-text-editor\" data-id=\"22ce111\" data-element_type=\"widget\" data-widget_type=\"text-editor.default\">\n\t\t\t\t\t\t\t\t\t<p>Votre demande a bien \u00e9t\u00e9 re\u00e7ue et notre \u00e9quipe vous r\u00e9pondra dans les plus brefs d\u00e9lais.<\/p>\t\t\t\t\t\t\t\t<\/div>\n\t\t\t\t<div class=\"elementor-element elementor-element-88a6790 elementor-widget elementor-widget-text-editor\" data-id=\"88a6790\" data-element_type=\"widget\" data-widget_type=\"text-editor.default\">\n\t\t\t\t\t\t\t\t\t<div><p>En attendant, nous vous invitons \u00e0 d\u00e9couvrir nos villas et les exp\u00e9riences qui rendent chaque s\u00e9jour unique.<\/p><\/div>\t\t\t\t\t\t\t\t<\/div>\n\t\t\t\t<div class=\"elementor-element elementor-element-a6aba66 elementor-widget elementor-widget-button\" data-id=\"a6aba66\" data-element_type=\"widget\" data-widget_type=\"button.default\">\n\t\t\t\t\t\t\t\t\t\t<a class=\"elementor-button elementor-button-link elementor-size-sm\" href=\"https:\/\/noavillas.fi\/fr\/villas\/\">\n\t\t\t\t\t\t<span class=\"elementor-button-content-wrapper\">\n\t\t\t\t\t\t\t\t\t<span class=\"elementor-button-text\">D\u00c9COUVREZ VOTRE VILLA<\/span>\n\t\t\t\t\t<\/span>\n\t\t\t\t\t<\/a>\n\t\t\t\t\t\t\t\t<\/div>\n\t\t\t\t<\/div>\n\t\t<div class=\"elementor-element elementor-element-da71c3b e-con-full e-flex e-con e-child\" data-id=\"da71c3b\" data-element_type=\"container\">\n\t\t\t\t<div class=\"elementor-element elementor-element-3b68a8c elementor-widget elementor-widget-image\" data-id=\"3b68a8c\" data-element_type=\"widget\" data-widget_type=\"image.default\">\n\t\t\t\t\t\t\t\t\t\t\t\t\t\t\t<img fetchpriority=\"high\" decoding=\"async\" width=\"768\" height=\"1024\" src=\"https:\/\/noavillas.fi\/wp-content\/uploads\/2026\/02\/DJI_20260126134736_0046_D-1-768x1024.jpg\" class=\"attachment-large size-large wp-image-7374\" alt=\"\" srcset=\"https:\/\/noavillas.fi\/wp-content\/uploads\/2026\/02\/DJI_20260126134736_0046_D-1-768x1024.jpg 768w, https:\/\/noavillas.fi\/wp-content\/uploads\/2026\/02\/DJI_20260126134736_0046_D-1-225x300.jpg 225w, https:\/\/noavillas.fi\/wp-content\/uploads\/2026\/02\/DJI_20260126134736_0046_D-1-1152x1536.jpg 1152w, https:\/\/noavillas.fi\/wp-content\/uploads\/2026\/02\/DJI_20260126134736_0046_D-1.jpg 1440w\" sizes=\"(max-width: 768px) 100vw, 768px\" \/>\t\t\t\t\t\t\t\t\t\t\t\t\t\t\t<\/div>\n\t\t\t\t<\/div>\n\t\t\t\t\t<\/div>\n\t\t\t\t<\/div>\n\t\t\t\t<\/div>\n\t\t","protected":false},"excerpt":{"rendered":"<p>Merci d\u2019avoir contact\u00e9 NOA Villas. Votre demande a bien \u00e9t\u00e9 re\u00e7ue et notre \u00e9quipe vous r\u00e9pondra dans les plus brefs d\u00e9lais. En attendant, nous vous invitons \u00e0 d\u00e9couvrir nos villas et les exp\u00e9riences qui rendent chaque s\u00e9jour unique. D\u00c9COUVREZ VOTRE VILLA<\/p>\n","protected":false},"author":3,"featured_media":0,"parent":0,"menu_order":0,"comment_status":"closed","ping_status":"closed","template":"","meta":{"_acf_changed":false,"footnotes":""},"class_list":["post-7375","page","type-page","status-publish","hentry"],"acf":[],"_links":{"self":[{"href":"https:\/\/noavillas.fi\/fr\/wp-json\/wp\/v2\/pages\/7375","targetHints":{"allow":["GET"]}}],"collection":[{"href":"https:\/\/noavillas.fi\/fr\/wp-json\/wp\/v2\/pages"}],"about":[{"href":"https:\/\/noavillas.fi\/fr\/wp-json\/wp\/v2\/types\/page"}],"author":[{"embeddable":true,"href":"https:\/\/noavillas.fi\/fr\/wp-json\/wp\/v2\/users\/3"}],"replies":[{"embeddable":true,"href":"https:\/\/noavillas.fi\/fr\/wp-json\/wp\/v2\/comments?post=7375"}],"version-history":[{"count":1,"href":"https:\/\/noavillas.fi\/fr\/wp-json\/wp\/v2\/pages\/7375\/revisions"}],"predecessor-version":[{"id":7376,"href":"https:\/\/noavillas.fi\/fr\/wp-json\/wp\/v2\/pages\/7375\/revisions\/7376"}],"wp:attachment":[{"href":"https:\/\/noavillas.fi\/fr\/wp-json\/wp\/v2\/media?parent=7375"}],"curies":[{"name":"wp","href":"https:\/\/api.w.org\/{rel}","templated":true}]}}